{"id":1995,"date":"2017-08-04T17:33:54","date_gmt":"2017-08-04T15:33:54","guid":{"rendered":"http:\/\/kreeyz.com\/?page_id=1995"},"modified":"2017-08-04T17:46:19","modified_gmt":"2017-08-04T15:46:19","slug":"an-unexpected-encounter-french","status":"publish","type":"page","link":"https:\/\/kreeyz.com\/?page_id=1995","title":{"rendered":"An unexpected encounter (FR)"},"content":{"rendered":"<p>Ce monde ressemble beaucoup au n\u00f4tre, cependant il n&#8217;est pas exactement identique. Il est plus une sorte de chim\u00e8re du n\u00f4tre dans un autre espace temps. La diff\u00e9rence principale r\u00e9side au niveau des peuples l&#8217;habitant. Bien sur que les humains sont pr\u00e9sents sur cette Terre du fait qu&#8217;il sont la population majoritaire, cependant il existe \u00e9galement d&#8217;autres &#8216;peuples&#8217; ressemblant aux humains mais diff\u00e9rents de par leur taille.<\/p>\n<p>Ils se font appeler les &#8220;Petits&#8221; par les humains non seulement car ils mesurent moins de 3cm mais \u00e9galement du fait que les humains ne se souciaient gu\u00e8re de leur trouver un autre nom. Leurs vies aussi \u00e9taient loin d&#8217;\u00eatre faciles du fait que les humains se &#8216;servent&#8217; d&#8217;eux a diff\u00e9rentes fins, aussi bien comme de petits &#8216;jouets&#8217; et dans le pire des cas de simples &#8216;friandises&#8217;&#8230;<\/p>\n<p>L\u00e9a est l&#8217;une d&#8217;entre eux. Du haut de ses 2,7cm elle est chanceuse d&#8217;avoir atteint l&#8217;\u00e2ge de 22 ans sans avoir \u00e9t\u00e9 attrap\u00e9e une fois mais craint les humains comme n&#8217;importe quelle autre personne de sa taille. Elle a de long cheveux noir et des yeux bleu azur; du fait que ces petites personnes ne trouvent pas toujours de quoi se v\u00eatir, ses v\u00eatements n&#8217;\u00e9taient compos\u00e9s que d&#8217;une seule pi\u00e8ce de tissu r\u00e9cup\u00e9r\u00e9e et grossi\u00e8rement d\u00e9coup\u00e9e au niveau du cou et des bras. L\u00e9a avait de quoi couvrir la majorit\u00e9 de son corps avec ceci mais avoir de &#8216;vrais&#8217; v\u00eatements restait un v\u00e9ritable luxe. Cette nuit l\u00e0, L\u00e9a se sentait fatigu\u00e9e du fait d&#8217;avoir beaucoup march\u00e9 dans les rues a la recherche de nourriture mais devait toujours faire attention de ne pas \u00eatre d\u00e9couverte par un humain.<\/p>\n<p>Il y avait une poubelle pas loin d&#8217;o\u00f9 se situait L\u00e9a et elle pensa pouvoir peut \u00eatre trouver quelque chose. Parfois elle devait se contenter de restes souvent avari\u00e9s mais c&#8217;\u00e9tait sa dure r\u00e9alit\u00e9 du fait que les humains n&#8217;avaient aucune obligation de se pr\u00e9occuper de leurs petits &#8216;voisins&#8217;. Les yeux de L\u00e9a s&#8217;ouvrirent grands, il y avait au sol devant elle un reste de sandwich. L\u00e9a regarda autour d&#8217;elle avec une grande attention, cela pouvait \u00eatre un pi\u00e8ge pos\u00e9 par l&#8217;un de ces humains aimant &#8216;chasser&#8217; ceux de son esp\u00e8ce mais le ventre de L\u00e9a lui faisait du mal&#8230; Apr\u00e8s quelques pas silencieux, elle ne vit personne autour et se savait en s\u00e9curit\u00e9. Bien que par terre, ce morceau semblait en bon \u00e9tat et avait du jambon ainsi qu&#8217;un peu de fromage dans le pain; il \u00e9tait \u00e9galement suffisamment cons\u00e9quent pour nourrir environ une quinzaine de personnes de la taille de L\u00e9a. A l&#8217;aide de ses mains, elle d\u00e9coupa une petite portion de jambon et mordit dedans. L\u00e9a ne put r\u00e9sister \u00e0 l&#8217;envie de sourire du fait du go\u00fbt qui \u00e9tait bien meilleur que tout ce qu&#8217;elle avait pu trouver les jours pr\u00e9c\u00e9dents. Apr\u00e8s plusieurs minutes elle avait suffisamment mang\u00e9 et pensait prendre un autre morceau de sandwich pour sa longue marche dans la ville. &#8220;Est-ce que je vais trouver quelque chose&#8230;&#8221; Se demandait L\u00e9a en pensant o\u00f9 elle pourrait rester dormir en s\u00e9curit\u00e9 pour cette nuit; elle \u00e9tait d\u00e9sormais bien loin de la derni\u00e8re &#8216;cachette&#8217; qu&#8217;elle avait visit\u00e9e quelques jours auparavant et dormir \u00e0 d\u00e9couvert dans la rue n&#8217;\u00e9tait certainement pas envisageable. Non seulement \u00e0 cause des humains qui ne refuseraient pas une telle &#8216;aubaine&#8217; mais \u00e9galement du fait des animaux en libert\u00e9 bien trop grands pour elle. Prenant un petit sac qu&#8217;elle gardait \u00e0 la ceinture, elle commen\u00e7a \u00e0 le remplir, mais \u00e9tant actuellement perdue un peu dans ses pens\u00e9es&#8230; Ne remarqua pas ce qui approchait lentement d&#8217;elle.<\/p>\n<p>&#8220;Tiens tiens&#8230; On dirait que j&#8217;ai trouv\u00e9 quelque chose~&#8221; dit une voix forte juste derri\u00e8re L\u00e9a, qui fit tomber son sac par terre avec un tremblement. Se tournant lentement, L\u00e9a se trouvait d\u00e9sormais face \u00e0 une humaine bien plus grande qu&#8217;elle, celle ci arborant un sourire sournois. L\u00e9a se d\u00e9p\u00eacha de prendre quelque chose de derri\u00e8re son dos et le pla\u00e7a devant elle pour se prot\u00e9ger, il s&#8217;agissait d&#8217;une petite aiguille. &#8220;Tu penses vraiment pouvoir me blesser avec \u00e7a ?&#8221; Demanda l&#8217;humaine puis avec un mouvement de la main fit &#8216;voler&#8217; l&#8217;aiguille de la main de L\u00e9a puis l&#8217;attrapa entre deux doigts.<\/p>\n<p>&#8220;Arr\u00eates&#8230; tu me fais mal !!&#8221; Toussa L\u00e9a du fait de la pression sur son petit corps puis se retrouva face \u00e0 l&#8217;\u00e9norme visage de l&#8217;humaine. &#8220;Peuh&#8230; Toujours la m\u00eame chose avec vous&#8230; Mais je ne pense pas te rel\u00e2cher en fait&#8230; J&#8217;ai des clients apr\u00e8s tout&#8230;&#8221; Dit l&#8217;humaine, ce qui fit trembler de peur L\u00e9a de nouveau pendant qu&#8217;elle essayait de se lib\u00e9rer de l&#8217;emprise de cette g\u00e9ante. L\u00e9a savait que se faire capturer signifierai la &#8216;fin&#8217; de sa courte vie. &#8220;Laisses moi&#8230; Je t&#8217;en supplie !&#8221; Cria L\u00e9a de nouveau pendant que l&#8217;humaine pris une sorte de bo\u00eete de son sac &#8220;Non malheureusement pour toi, et tu ferais mieux de rester sage~&#8221; continua cette fille qui l\u00e2cha subitement sa prisonni\u00e8re \u00e0 l&#8217;int\u00e9rieur de la bo\u00eete. L\u00e9a l\u00e2cha un cri quand elle tomba contre le &#8216;sol&#8217; et se retrouva rapidement dans le noir complet. L\u00e9a se sentait \u00e9puis\u00e9e, essayant plusieurs fois de trouver une sortie, elle ne trouva aucune issue. S&#8217;asseyant sur le sol, elle sentit des larmes couler sur ses joues, elle \u00e9tait maintenant \u00e0 la merci de cette humaine.<\/p>\n<p>Peut \u00eatre 2 ou 3 jours plus tard, L\u00e9a \u00e9tait toujours assise dans un coin de la bo\u00eete, \u00e9coutant les diff\u00e9rentes voix \u00e0 l&#8217;ext\u00e9rieur. La bo\u00eete bougea de nouveau plusieurs fois, probablement passant de mains en mains vers l&#8217;humain qui se chargerait de la &#8216;vendre&#8217;. L\u00e9a avait d\u00e9j\u00e0 vu ces magasins o\u00f9 les humains allaient acheter leurs petits &#8216;jouets&#8217; et s&#8217;en d\u00e9barrassaient selon leurs envies. L\u00e9a sentit une autre larme couler sur sa joue&#8230; Bient\u00f4t elle serait elle aussi probablement morte.<\/p>\n<p>Encore a peu pr\u00e8s une journ\u00e9e passa quand L\u00e9a sentit sa bo\u00eete bouger de nouveau puis finalement tomba sur le cot\u00e9 plusieurs fois avant d&#8217;entendre deux voix. L&#8217;une d&#8217;elle donna un &#8216;prix&#8217; et l&#8217;autre accepta&#8230; L\u00e9a \u00e9tait d\u00e9sormais vendue et se retrouvait transport\u00e9e comme un petit jouet vivant et pi\u00e9g\u00e9 dans sa bo\u00eete, attendant d&#8217;\u00eatre d\u00e9ball\u00e9. L\u00e9a remarqua un changement du fait que sa bo\u00eete ne bougeait plus autant qu&#8217;avant et elle ne se blessa pas durant ce voyage. Est-ce que cet humain &#8216;dehors&#8217; avait vraiment un minimum de respect pour elle ? &#8220;Au final, je mourrai quand m\u00eame&#8230;&#8221; murmura L\u00e9a. Apr\u00e8s un certain temps que L\u00e9a ne put suivre, la bo\u00eete cessa de bouger mais elle put entendre d&#8217;autres voix parler &#8216;dehors&#8217;. Elle n&#8217;y pr\u00eata cependant aucune attention et bient\u00f4t, un des cot\u00e9s de la bo\u00eete s&#8217;ouvrit et L\u00e9a entendit une voix appartenant \u00e0 une autre humaine l&#8217;appeler.<\/p>\n<p>&#8220;Est-ce que tu peux sortir s&#8217;il te pla\u00eet?&#8221; Demanda cette voix forte pr\u00e8s de L\u00e9a mais celle-ci refusa de le faire, il s&#8217;agissait peut \u00eatre d&#8217;un pi\u00e8ge. L&#8217;humaine posa a nouveau la m\u00eame question mais cette fois ci d&#8217;un ton un peu plus inquiet. Une fois de plus, L\u00e9a ne bougea pas, trop effray\u00e9e de se retrouver face a un humain. &#8220;Ho non, ne me dis pas qu&#8217;ils t&#8217;ont fait mourir de faim&#8230;&#8221; Dit l&#8217;humaine en prenant le dessus de la bo\u00eete d&#8217;une main et commen\u00e7a \u00e0 l&#8217;ouvrir. L\u00e9a tremblait de tout son corps&#8230; Elle ne voulait pas regarder mais maintenant n&#8217;eut plus le choix. Le dessus de la bo\u00eete se d\u00e9chira puis &#8220;s&#8217;envola&#8221; avant que les cot\u00e9s ne tombent \u00e0 leur tour, laissant sur le sol la petite cr\u00e9ature tremblante de peur face \u00e0 ce qu&#8217;elle craignait le plus&#8230; Une humaine.<\/p>\n<p>Avec un mouvement brusque, L\u00e9a se leva et commen\u00e7a a s&#8217;enfuir, ne regardant pas vraiment dans quelle direction elle se dirigeait mais l&#8217;humaine fut \u00e9galement surprise par cette r\u00e9action &#8220;Attends, pas par ici !!&#8221; Dit-elle en pla\u00e7ant sa main devant la direction ou courrait L\u00e9a. Avec un cri de peur, L\u00e9a se tourna et changea de direction, ne remarquant pas que si elle avait continu\u00e9 dans l&#8217;autre direction elle serait tomb\u00e9e de la table o\u00f9 elle se trouvait&#8230; &#8220;Arr\u00eates s&#8217;il te pla\u00eet&#8230;&#8221; Dit a nouveau l&#8217;humaine en essayant du mieux qu&#8217;elle pouvait de calmer cette petite fille qui continuait de hurler de terreur. Mais du fait de ses derni\u00e8res dures journ\u00e9es, L\u00e9a tomba a terre, ses jambes refusant de courir \u00e0 nouveau. L\u00e9a pla\u00e7a ses mains devant son visage &#8220;Ne me fais pas de mal je t&#8217;en prie !!&#8221; Cria-telle mais l&#8217;humaine ne bougea pas.<\/p>\n<p>&#8220;Je ne veux pas te faire de mal.&#8221; dit cette g\u00e9ante en mettant ses mains dans son dos &#8220;Tu vois? J&#8217;ai simplement essay\u00e9 de te stopper car tu allais tomber mais je ne voulais pas te faire peur&#8230;&#8221; L\u00e9a \u00e9coutait ce que disais cette humaine mais des larmes coulaient toujours de ses yeux. L&#8217;humaine se sentait mal de voir cette autre fille pleurer et pensa a quelque chose. Prenant un petit sac qui \u00e9tait \u00e0 cot\u00e9 d&#8217;elle, elle en tira un cookie qu&#8217;elle brisa en morceaux avant de les placer sur la table. &#8220;Je suis d\u00e9sol\u00e9e mais je n&#8217;ai pas grand chose \u00e0 te donner pour l&#8217;instant&#8230; Prends en si tu veux.&#8221; Dit l&#8217;humaine en regardant L\u00e9a qui se levait. &#8220;Et tu comptes m&#8217;avaler apr\u00e8s n&#8217;est ce pas&#8230;? Tu es une humaine, comment suis-je cens\u00e9e te croire ?&#8221; Dit L\u00e9a en retirant les larmes de ses yeux.<\/p>\n<p>La &#8216;g\u00e9ante&#8217; semblait triste \u00e0 la suite de la r\u00e9ponse de L\u00e9a &#8220;Non s&#8217;il te pla\u00eet&#8230; je ne veux vraiment pas te faire de mal. Quand j&#8217;\u00e9tais en route pour cet endroit j&#8217;ai vu un de ces magasins qui vendent des Petits comme toi et tu \u00e9tais la derni\u00e8re&#8230; Je ne voulais pas que tu sois vendue \u00e0 une autre personne qui aurait pu \u00eatre cruelle avec toi.&#8221; dit elle \u00e0 L\u00e9a qui la regardait fixement &#8220;Si tu veux y aller, je ne te retiendrai pas. Je voulais simplement te sauver la vie mais je ne te retiendrai pas contre ta volont\u00e9 si tu ne veux pas rester. Seulement&#8230; me permets-tu de parler un peu avec toi si possible ?&#8221;<\/p>\n<p>Les yeux bleus de L\u00e9a \u00e9taient grand ouverts, elle continuait de regarder cette humaine soigneusement, elle avait de long cheveux blonds, des yeux verts et \u00e9tait probablement une ann\u00e9e plus jeune qu&#8217;elle. L\u00e9a pla\u00e7a ses mains contre sa poitrine &#8220;De quoi&#8230;? Est-ce que c&#8217;est un nouveau jeu que les humains ont invent\u00e9 encore&#8230;?&#8221; L&#8217;humaine ne bougea pas et secoua la t\u00eate. L\u00e9a semblait un peu nerveuse &#8220;Je&#8230; Je ne comprends pas&#8230; Est ce que je suis vraiment&#8230; libre ? Mais&#8230; Pourquoi ferais-tu \u00e7a ? C&#8217;est bien la premi\u00e8re fois que je rencontre une humaine comme toi&#8230;&#8221;. L&#8217;humaine baissa sa t\u00eate &#8220;Tu sais, m\u00eame si nous ne sommes pas si nombreux, nous faisons de notre mieux. En fait, depuis que je suis jeune, j&#8217;ai toujours \u00e9t\u00e9 fascin\u00e9e par les diff\u00e9rentes cr\u00e9atures de ce monde : Les f\u00e9es, les g\u00e9ants et&#8230; les plus petits comme toi. J&#8217;ai toujours voulu avoir une amie de ta taille, seulement voil\u00e0 je suis un &#8216;monstre&#8217; pour vous du fait de ma taille&#8230; Mais je ne te veux vraiment aucun mal, je te le promets.&#8221; L&#8217;humaine semblait maintenant g\u00ean\u00e9e et ses joues rougissaient. &#8220;Mon nom est \u00c9milie, est-ce que&#8230; je peux te demander ton nom s&#8217;il te pla\u00eet ?&#8221;<\/p>\n<p>L\u00e9a \u00e9tait abasourdie&#8230; Mais sentait quelque chose en elle m\u00eame de diff\u00e9rent, s&#8217;asseyant \u00e0 nouveau sur la table, elle \u00e9coutait soigneusement avant d&#8217;acquiescer. &#8220;Mon nom est L\u00e9a.&#8221; Puis toujours en continuant de regarder la &#8216;g\u00e9ante&#8217; devant elle &#8220;Oui&#8230; ta taille est vraiment diff\u00e9rente de la n\u00f4tre, regardes-toi : je suis plus petite que ton pouce et si tu voulais en finir avec ma vie cela serait si simple pour toi&#8230; Mais tu es diff\u00e9rente.&#8221; Dit L\u00e9a en tendant son bras en direction d&#8217;\u00c9milie et ouvrit sa main &#8220;Enchant\u00e9e de te rencontrer \u00c9milie.&#8221; \u00c9milie qui entendit \u00e7a rougit de plus belle, ne s&#8217;attendant pas \u00e0 ce que L\u00e9a la croie mais il semblait que c&#8217;\u00e9tait apparemment le cas d\u00e9sormais. \u00c9milie tendit son index en direction de L\u00e9a jusqu\u2019\u00e0 ce que le bout de son doigt touche la petite main &#8220;Ravie de te rencontrer \u00e9galement L\u00e9a. Si tu le souhaites, je voudrais t&#8217;en dire plus \u00e0 propos de moi et de&#8230; nous autres si tu le veux.&#8221; Dit \u00c9milie en pla\u00e7ant sa main, la paume vers le haut si L\u00e9a voulait grimper dessus.<\/p>\n<p>&#8220;Est-ce une bonne id\u00e9e ? Elle \u00e0 pris soin de moi et&#8230; Je sens que je peux vraiment avoir confiance.&#8221; Pensa L\u00e9a; effectivement \u00c9milie ne lui avait rien fait de particulier, except\u00e9 lui sauver la vie. L\u00e9a fit quelques pas puis grimpa sur l&#8217;\u00e9norme main avant de s&#8217;asseoir au milieu. \u00c9milie sentit les petits pas de L\u00e9a chatouiller un peu sa peau et baissa sa t\u00eate pour la regarder &#8220;Merci L\u00e9a, je ne pensais vraiment pas que tu me ferais confiance mais, tu seras en s\u00e9curit\u00e9.&#8221; Dit \u00c9milie pendant qu&#8217;elle se levais doucement puis approcha une porte, l&#8217;ouvrant elle se dirigea &#8216;dehors&#8217; puis commen\u00e7a \u00e0 marcher dans un long couloir blanc. L\u00e9a regardant autour pensa que cet endroit ressemblait \u00e0 un h\u00f4tel, cependant celui-ci ne poss\u00e9dait pas de plafond.<\/p>\n<p>Pendant que marchait \u00c9milie, L\u00e9a pouvait apercevoir diff\u00e9rentes &#8216;chambres&#8217; ouvertes dans lesquelles se trouvaient diff\u00e9rentes personnes mais aucune d&#8217;entre-elles ne semblait r\u00e9ellement dangereuse. L\u00e9a ouvrit grand ses yeux quand elle vit de vraies f\u00e9es, d&#8217;autres personnes poss\u00e9dant un corps moiti\u00e9 humain et moiti\u00e9 serpent et m\u00eame d&#8217;autres personnes recouvertes de fourrure mais pourtant marchant comme des humains. Finalement L\u00e9a voulait en savoir plus &#8220;\u00c9milie ? Quel est cet endroit ?&#8221;. L&#8217;humaine leva un peu sa main afin d&#8217;avoir L\u00e9a en face de son visage afin qu&#8217;elles puissent parler &#8220;Pour r\u00e9sumer hmm&#8230; Je pourrais dire que nous sommes tous quelques part fans de &#8216;taille&#8217;&#8230;? Bien que nous soyons \u00e9galement tous diff\u00e9rents, j&#8217;ai eu un peu de mal \u00e0 le r\u00e9aliser au d\u00e9but mais nous aimons tous la m\u00eame chose. Je savais que dans le monde il existait diff\u00e9rents peuples mais je n&#8217;aurai jamais cru en rencontrer autant dans un seul et m\u00eame endroit.&#8221; \u00c9milie fit une pause pour reprendre son souffle &#8220;En fait je voudrais te demander quelque chose L\u00e9a. L&#8217;ann\u00e9e derni\u00e8re s&#8217;est produit quelque chose d&#8217;unique dans le monde, nous avons voulu cr\u00e9er une sorte d\u2019\u00e9v\u00e9nement pour les gens comme nous et faire d\u00e9couvrir un peu notre &#8216;univers&#8217; \u00e9galement. Il y avait des humains bien entendu mais aussi des gens comme toi L\u00e9a et m\u00eame des g\u00e9ants. Tu risques peut \u00eatre de ne pas trop pouvoir les voir de ta taille mais crois moi&#8230; pour eux je suis aussi petite que tu l&#8217;es pour moi, cependant ils sont comme moi et ne feraient pas de mal \u00e0 plus petit qu&#8217;eux. M\u00eame si nous sommes tous si diff\u00e9rents, c&#8217;\u00e9tait notre &#8216;souhait&#8217; \u00e0 tous d&#8217;\u00eatre \u00e9gaux durant ces temps ensemble et le rester bien apr\u00e8s si possible.&#8221;<\/p>\n<p>Un autre humain se promenait dans le couloir et arriva \u00e0 hauteur de L\u00e9a et \u00c9milie. L\u00e9a fut surprise de voir sur son \u00e9paule une autre Petite assise sur son \u00e9paule, celle ci fit un signe \u00e0 L\u00e9a joyeusement. &#8220;\u00c9milie&#8230; Je sais que cela semble incroyable mais, tout ce que tu m&#8217;a dit et ce que nous avons d\u00e9j\u00e0 pu \u00e9changer bien que nous venons de nous rencontrer&#8230; J&#8217;ai l&#8217;impression de vivre un r\u00eave. Je veux dire, je ne pensais pas que quelque chose comme \u00e7a pouvait \u00eatre possible dans ce monde.&#8221; Dit L\u00e9a, pendant qu&#8217;elle regardait l&#8217;autre petite personne en souriant. \u00c9milie sourit \u00e0 son tour et r\u00e9pondit &#8220;Tu sais, j&#8217;avais un peu peur de te parler de tout \u00e7a car j&#8217;avais peur que cela pouvait t&#8217;effrayer cependant je suis heureuse que nous ayons pu partager cela.&#8221;<\/p>\n<p>Elles se trouvaient d\u00e9sormais dans une autre pi\u00e8ce avec d&#8217;autres humains tout autour. L\u00e9a observait d&#8217;autres personnes de sa taille sur diverses tables parler avec parfois 2 ou 3 autres personnes dont des humains et certains d&#8217;entre eux riaient aussi. L\u00e9a commen\u00e7ait a sourire, cet endroit \u00e9tait vraiment diff\u00e9rent de tous ceux qu&#8217;elle avait pu visiter, se sentait r\u00e9ellement en s\u00e9curit\u00e9 et ressentait ce sentiment d&#8217;\u00e9galit\u00e9. Elle commen\u00e7ait aussi \u00e0 penser si dans le monde tout le monde pouvait \u00eatre \u00e9galement \u00e9gal et pouvait pourquoi pas l&#8217;accepter en tant qu&#8217;une personne et non plus comme un petit jouet comme elle le ressentait auparavant. \u00c9milie fit quelques pas vers une grande table et posa sa main dessus \u201cEt voila L\u00e9a. Sens-toi libre de prendre tout ce que tu veux.\u201d Dit \u00c9milie pendant que L\u00e9a d\u00e9couvrait quelque chose d&#8217;incroyable pour elle. Sur diff\u00e9rentes petites tables devant elle se trouvaient diff\u00e9rents v\u00eatements tous taill\u00e9s pour une petite personne comme elle, il y avait \u00e9galement de petites cabines o\u00f9 elle pourrait se changer en toute intimit\u00e9. L\u00e9a sourit et pris un jean ainsi qu&#8217;un t-shirt bleu avant de rentrer dans une cabine. Une fois \u00e0 l\u2019int\u00e9rieur L\u00e9a observa ces v\u00eatements et remarqua que ceux-ci ne provenaient pas de petites figurines comme elle en avait pu voir parfois mais \u00e9taient faits main par des humains pour des personnes comme elle. L\u00e9a sentit ses joues rougir avant de retirer la pi\u00e8ce de tissu qui la couvrait et s&#8217;habilla, les v\u00eatements lui allant parfaitement.<\/p>\n<p>Bien assez t\u00f4t, L\u00e9a sortir de la cabine et fit quelques pas vers \u00c9milie qui souriait \u201cIls te vont bien !\u201d Dit-elle en posant ses bras sur la table. L\u00e9a se trouvait maintenant devant elle \u201cMerci infiniment. Nous n&#8217;avons pas tant que \u00e7a \u00e0 nous mettre cependant je te remercies du fond du c\u0153ur, cela repr\u00e9sente vraiment quelque chose pour moi \u00c9milie. Je voudrais tant te rendre la pareille pour tout cela mais je n&#8217;ai pas vraiment grand chose \u00e0 t&#8217;offrir en \u00e9change&#8230;\u201d dit L\u00e9a, se sentant un peu timide. \u00c9milie secoua la t\u00eate \u201cNe t&#8217;en fais pas, si je peux t&#8217;aider pour quoi que ce soit, cela serait avec grand plaisir. En fait&#8230; je me demandais si tu voulais peut \u00eatre venir avec moi \u00e0 l\u2019\u00e9v\u00e9nement de cette ann\u00e9e? A vrai dire tous ceux ici pr\u00e9sent m&#8217;accompagnent \u00e9galement. Tiens prends ceci si tu veux en savoir plus.\u201d Dit \u00c9milie en tendant un petit bout de papier imprim\u00e9 de mani\u00e8re \u00e0 ce que L\u00e9a ou tout autre personne de sa taille puisse le lire.<\/p>\n<p>\u201cMaintenant que tu le dis, c&#8217;est vrai que tu m&#8217;en avais parl\u00e9.\u201d Dit L\u00e9a en prenant la feuille de papier \u201cVoyons voir\u2026 SizeCon, un rassemblement pour les amateurs de toutes tailles \u00e0\u2026 New York ? J&#8217;ai entendu parler de cette ville une fois, mais n&#8217;est-elle pas de l&#8217;autre cot\u00e9 de la mer?\u201d Demanda L\u00e9a, un peu confuse. \u00c9milie hocha la t\u00eate \u201cOui. Mais en fait cela ne prendra pas tant de temps avant que nous n&#8217;arrivions. Tu te souviens de ce que je t&#8217;ai dit pr\u00e9c\u00e9demment ? Il y aura aussi des g\u00e9ants qui vont l\u00e0 bas et en fait\u2026 l&#8217;une d&#8217;entre eux est actuellement en train de porter ce b\u00e2timent entier dans sa main.\u201d Les yeux de L\u00e9a s&#8217;ouvrirent en grand \u00e0 nouveau, comprenant maintenant pourquoi cet endroit semblait si &#8216;diff\u00e9rent&#8217; de toute les maisons humaines dans lesquelles elle s&#8217;\u00e9tait aventur\u00e9e. L\u00e9a finit de lire le papier \u00e0 haute voix \u201cUn endroit o\u00f9 nous serons tous \u00e9gaux sans distinction&#8230;\u201d puis releva la t\u00eate pour donner son plus beau sourire \u00e0 \u00c9milie \u201cOui\u2026 je veux y aller avec toi \u00c9milie ! Et si tu le veux avant notre arriv\u00e9e, je serais heureuse de partager plus de ma vie avec ma nouvelle amie !\u201d<\/p>\n<p>\u00c9milie sourit en r\u00e9ponse, ayant d\u00e9sormais son souhait d&#8217;enfance r\u00e9alis\u00e9. Elle laissa L\u00e9a remonter sur sa main avant qu&#8217;elles ne retourn\u00e8rent ensemble dans sa chambre. Deux jours plus tard, ces 2 filles se faisaient totalement confiance comme deux amies d&#8217;enfance. \u00c9milie se situait sur un balcon, tenant L\u00e9a dans sa main contre son c\u0153ur de mani\u00e8re \u00e0 ce que L\u00e9a ne tombe pas. L\u00e9a ouvrit soudainement ses yeux en grand pour observer quelque chose qui s&#8217;approchait devant elles : Une femme g\u00e9ante se tenant au sommet d&#8217;un fort tenant dans sa main une flamme d&#8217;or, un symbole puissant pour elles : Lady Libert\u00e9. \u00c9milie sourit \u201cOui nous y sommes enfin.\u201d dit-elle avant d&#8217;expliquer ce symbole d&#8217;\u00e9galit\u00e9 pour tous les peuples \u00e0 L\u00e9a ainsi que d&#8217;autres choses \u00e0 propos de cette ville.<\/p>\n<p>Le vent caressait leurs visages \u00e0 mesure qu&#8217;elles approchaient de leur destination, leurs c\u0153urs battant de plus en plus fort dans leurs poitrines, sachant que bient\u00f4t elles rencontreraient plus de personnes incroyables comme elles et qu&#8217;elles partageraient un moment dont elles se souviendraient durant toute leurs vies.<\/p>\n<p>Fin.<\/p>\n<p>&nbsp;<\/p>\n<p>En esp\u00e9rant vous voir \u00e0 la SizeCon 2017 !<\/p>\n<p>Kreeyz.<\/p>\n","protected":false},"excerpt":{"rendered":"<p>Ce monde ressemble beaucoup au n\u00f4tre, cependant il n&#8217;est pas exactement identique. Il est plus une sorte de chim\u00e8re du n\u00f4tre dans un autre espace temps. La diff\u00e9rence principale r\u00e9side au niveau des peuples l&#8217;habitant. Bien sur que les humains sont pr\u00e9sents sur cette Terre du fait qu&#8217;il sont la population majoritaire, cependant il existe [&hellip;]<\/p>\n","protected":false},"author":1,"featured_media":0,"parent":1991,"menu_order":0,"comment_status":"closed","ping_status":"closed","template":"","meta":{"footnotes":""},"class_list":["post-1995","page","type-page","status-publish","hentry"],"jetpack_sharing_enabled":true,"_links":{"self":[{"href":"https:\/\/kreeyz.com\/index.php?rest_route=\/wp\/v2\/pages\/1995","targetHints":{"allow":["GET"]}}],"collection":[{"href":"https:\/\/kreeyz.com\/index.php?rest_route=\/wp\/v2\/pages"}],"about":[{"href":"https:\/\/kreeyz.com\/index.php?rest_route=\/wp\/v2\/types\/page"}],"author":[{"embeddable":true,"href":"https:\/\/kreeyz.com\/index.php?rest_route=\/wp\/v2\/users\/1"}],"replies":[{"embeddable":true,"href":"https:\/\/kreeyz.com\/index.php?rest_route=%2Fwp%2Fv2%2Fcomments&post=1995"}],"version-history":[{"count":4,"href":"https:\/\/kreeyz.com\/index.php?rest_route=\/wp\/v2\/pages\/1995\/revisions"}],"predecessor-version":[{"id":2001,"href":"https:\/\/kreeyz.com\/index.php?rest_route=\/wp\/v2\/pages\/1995\/revisions\/2001"}],"up":[{"embeddable":true,"href":"https:\/\/kreeyz.com\/index.php?rest_route=\/wp\/v2\/pages\/1991"}],"wp:attachment":[{"href":"https:\/\/kreeyz.com\/index.php?rest_route=%2Fwp%2Fv2%2Fmedia&parent=1995"}],"curies":[{"name":"wp","href":"https:\/\/api.w.org\/{rel}","templated":true}]}}